{"id":1110,"date":"2020-07-09T20:48:32","date_gmt":"2020-07-09T20:48:32","guid":{"rendered":"https:\/\/jpevlogistics.com\/?page_id=1110"},"modified":"2025-06-27T13:32:35","modified_gmt":"2025-06-27T13:32:35","slug":"transporte-maritimo","status":"publish","type":"page","link":"https:\/\/jpevlogistics.com\/en\/transporte-maritimo\/","title":{"rendered":"Transporte Mar\u00edtimo"},"content":{"rendered":"<div data-elementor-type=\"wp-page\" data-elementor-id=\"1110\" class=\"elementor elementor-1110\" data-elementor-post-type=\"page\">\n\t\t\t\t\t\t<section class=\"elementor-section elementor-top-section elementor-element elementor-element-5ed548d elementor-section-full_width elementor-section-height-default elementor-section-height-default\" data-id=\"5ed548d\" data-element_type=\"section\" data-e-type=\"section\">\n\t\t\t\t\t\t\t<div class=\"elementor-background-overlay\"><\/div>\n\t\t\t\t\t\t\t<div class=\"elementor-container elementor-column-gap-default\">\n\t\t\t\t\t<div class=\"elementor-column elementor-col-100 elementor-top-column elementor-element elementor-element-450d5c5 elementor-hidden-tablet elementor-hidden-mobile\" data-id=\"450d5c5\" data-element_type=\"column\" data-e-type=\"column\">\n\t\t\t<div class=\"elementor-widget-wrap elementor-element-populated\">\n\t\t\t\t\t\t<div class=\"elementor-element elementor-element-5e30668 elementor-widget-mobile__width-initial elementor-widget__width-initial elementor-widget elementor-widget-heading\" data-id=\"5e30668\" data-element_type=\"widget\" data-e-type=\"widget\" data-widget_type=\"heading.default\">\n\t\t\t\t<div class=\"elementor-widget-container\">\n\t\t\t\t\t<h1 class=\"elementor-heading-title elementor-size-default\">Transporte mar\u00edtimo<\/h1>\t\t\t\t<\/div>\n\t\t\t\t<\/div>\n\t\t\t\t<div class=\"elementor-element elementor-element-f4bc41d elementor-widget-mobile__width-initial elementor-widget__width-initial elementor-widget elementor-widget-text-editor\" data-id=\"f4bc41d\" data-element_type=\"widget\" data-e-type=\"widget\" data-widget_type=\"text-editor.default\">\n\t\t\t\t<div class=\"elementor-widget-container\">\n\t\t\t\t\t\t\t\t\t<p><span style=\"font-weight: 400;\">Impuls\u00e1 tus operaciones con nuestro servicio.<\/span><\/p>\t\t\t\t\t\t\t\t<\/div>\n\t\t\t\t<\/div>\n\t\t\t\t\t<\/div>\n\t\t<\/div>\n\t\t\t\t\t<\/div>\n\t\t<\/section>\n\t\t\t\t<section class=\"elementor-section elementor-top-section elementor-element elementor-element-3f30b6fb elementor-section-stretched elementor-section-boxed elementor-section-height-default elementor-section-height-default\" data-id=\"3f30b6fb\" data-element_type=\"section\" data-e-type=\"section\" data-settings=\"{&quot;stretch_section&quot;:&quot;section-stretched&quot;}\">\n\t\t\t\t\t\t<div class=\"elementor-container elementor-column-gap-default\">\n\t\t\t\t\t<div class=\"elementor-column elementor-col-100 elementor-top-column elementor-element elementor-element-650cb5ad\" data-id=\"650cb5ad\" data-element_type=\"column\" data-e-type=\"column\">\n\t\t\t<div class=\"elementor-widget-wrap elementor-element-populated\">\n\t\t\t\t\t\t<div class=\"elementor-element elementor-element-626be4d2 elementor-widget elementor-widget-text-editor\" data-id=\"626be4d2\" data-element_type=\"widget\" data-e-type=\"widget\" data-widget_type=\"text-editor.default\">\n\t\t\t\t<div class=\"elementor-widget-container\">\n\t\t\t\t\t\t\t\t\t<p class=\"wb-stl-normal\" style=\"text-align: center;\">Como \u00a0empresa de transporte mar\u00edtimo de contenedores, movemos miles de contenedores cada a\u00f1o y los entregamos en cada lugar donde nuestro cliente lo solicite. Independientemente de su sector, producto b\u00e1sico o mercados claves, tenemos soluciones que ofrecen a las peque\u00f1as y grandes empresas la oportunidad de crecer. Ofrecemos a nuestros clientes salidas frecuentes en las principales rutas comerciales\u00a0<\/p>\t\t\t\t\t\t\t\t<\/div>\n\t\t\t\t<\/div>\n\t\t\t\t\t<\/div>\n\t\t<\/div>\n\t\t\t\t\t<\/div>\n\t\t<\/section>\n\t\t\t\t<section class=\"elementor-section elementor-top-section elementor-element elementor-element-0e02300 elementor-section-boxed elementor-section-height-default elementor-section-height-default\" data-id=\"0e02300\" data-element_type=\"section\" data-e-type=\"section\">\n\t\t\t\t\t\t<div class=\"elementor-container elementor-column-gap-default\">\n\t\t\t\t\t<div class=\"elementor-column elementor-col-33 elementor-top-column elementor-element elementor-element-c9179e7\" data-id=\"c9179e7\" data-element_type=\"column\" data-e-type=\"column\">\n\t\t\t<div class=\"elementor-widget-wrap elementor-element-populated\">\n\t\t\t\t\t\t<div class=\"elementor-element elementor-element-8b3afa5 elementor-widget elementor-widget-image\" data-id=\"8b3afa5\" data-element_type=\"widget\" data-e-type=\"widget\" data-widget_type=\"image.default\">\n\t\t\t\t<div class=\"elementor-widget-container\">\n\t\t\t\t\t\t\t\t\t\t\t\t\t\t\t<img decoding=\"async\" width=\"150\" height=\"150\" src=\"https:\/\/jpevlogistics.com\/wp-content\/uploads\/2024\/02\/Bandera-Argentina-150x150.png\" class=\"attachment-thumbnail size-thumbnail wp-image-3016\" alt=\"\" srcset=\"https:\/\/jpevlogistics.com\/wp-content\/uploads\/2024\/02\/Bandera-Argentina-150x150.png 150w, https:\/\/jpevlogistics.com\/wp-content\/uploads\/2024\/02\/Bandera-Argentina-300x300.png 300w, https:\/\/jpevlogistics.com\/wp-content\/uploads\/2024\/02\/Bandera-Argentina-12x12.png 12w, https:\/\/jpevlogistics.com\/wp-content\/uploads\/2024\/02\/elementor\/thumbs\/Bandera-Argentina-qk37cvpkscf860r91irhxifxb2x1wpcpkoythalmug.png 100w, https:\/\/jpevlogistics.com\/wp-content\/uploads\/2024\/02\/Bandera-Argentina.png 540w\" sizes=\"(max-width: 150px) 100vw, 150px\" \/>\t\t\t\t\t\t\t\t\t\t\t\t\t\t\t<\/div>\n\t\t\t\t<\/div>\n\t\t\t\t<div class=\"elementor-element elementor-element-f3154fd elementor-widget elementor-widget-text-editor\" data-id=\"f3154fd\" data-element_type=\"widget\" data-e-type=\"widget\" data-widget_type=\"text-editor.default\">\n\t\t\t\t<div class=\"elementor-widget-container\">\n\t\t\t\t\t\t\t\t\t<p style=\"text-align: center;\"><a href=\"http:\/\/200.68.125.38:9595\/web\/Tracking\/index.html\" target=\"_blank\" rel=\"noopener\"><u>Web Tracking \u2013 ARGENTINA<\/u><\/a>\u00a0<\/p>\t\t\t\t\t\t\t\t<\/div>\n\t\t\t\t<\/div>\n\t\t\t\t\t<\/div>\n\t\t<\/div>\n\t\t\t\t<div class=\"elementor-column elementor-col-33 elementor-top-column elementor-element elementor-element-c828a85\" data-id=\"c828a85\" data-element_type=\"column\" data-e-type=\"column\">\n\t\t\t<div class=\"elementor-widget-wrap elementor-element-populated\">\n\t\t\t\t\t\t<div class=\"elementor-element elementor-element-f91c445 elementor-widget elementor-widget-image\" data-id=\"f91c445\" data-element_type=\"widget\" data-e-type=\"widget\" data-widget_type=\"image.default\">\n\t\t\t\t<div class=\"elementor-widget-container\">\n\t\t\t\t\t\t\t\t\t\t\t\t\t\t\t<img decoding=\"async\" width=\"150\" height=\"150\" src=\"https:\/\/jpevlogistics.com\/wp-content\/uploads\/2024\/02\/Bandera-Chile-150x150.png\" class=\"attachment-thumbnail size-thumbnail wp-image-3015\" alt=\"\" srcset=\"https:\/\/jpevlogistics.com\/wp-content\/uploads\/2024\/02\/Bandera-Chile-150x150.png 150w, https:\/\/jpevlogistics.com\/wp-content\/uploads\/2024\/02\/Bandera-Chile-300x300.png 300w, https:\/\/jpevlogistics.com\/wp-content\/uploads\/2024\/02\/Bandera-Chile-12x12.png 12w, https:\/\/jpevlogistics.com\/wp-content\/uploads\/2024\/02\/elementor\/thumbs\/Bandera-Chile-qk37curqlidxuesm70cvd0ogpp1op08z8kbc00n10o.png 100w, https:\/\/jpevlogistics.com\/wp-content\/uploads\/2024\/02\/Bandera-Chile.png 540w\" sizes=\"(max-width: 150px) 100vw, 150px\" \/>\t\t\t\t\t\t\t\t\t\t\t\t\t\t\t<\/div>\n\t\t\t\t<\/div>\n\t\t\t\t<div class=\"elementor-element elementor-element-3a6c79f elementor-widget elementor-widget-text-editor\" data-id=\"3a6c79f\" data-element_type=\"widget\" data-e-type=\"widget\" data-widget_type=\"text-editor.default\">\n\t\t\t\t<div class=\"elementor-widget-container\">\n\t\t\t\t\t\t\t\t\t<p style=\"text-align: center;\"><a href=\"http:\/\/200.68.125.38:8080\/web\/Tracking\/index.html\" target=\"_blank\" rel=\"noopener\"><u>Web Tracking \u2013 CHILE<\/u><\/a><\/p>\t\t\t\t\t\t\t\t<\/div>\n\t\t\t\t<\/div>\n\t\t\t\t\t<\/div>\n\t\t<\/div>\n\t\t\t\t<div class=\"elementor-column elementor-col-33 elementor-top-column elementor-element elementor-element-514392a\" data-id=\"514392a\" data-element_type=\"column\" data-e-type=\"column\">\n\t\t\t<div class=\"elementor-widget-wrap elementor-element-populated\">\n\t\t\t\t\t\t<div class=\"elementor-element elementor-element-20f6ad7 elementor-widget elementor-widget-image\" data-id=\"20f6ad7\" data-element_type=\"widget\" data-e-type=\"widget\" data-widget_type=\"image.default\">\n\t\t\t\t<div class=\"elementor-widget-container\">\n\t\t\t\t\t\t\t\t\t\t\t\t\t\t\t<img decoding=\"async\" width=\"150\" height=\"150\" src=\"https:\/\/jpevlogistics.com\/wp-content\/uploads\/2024\/02\/Bandera-Uruguay-150x150.png\" class=\"attachment-thumbnail size-thumbnail wp-image-3017\" alt=\"\" srcset=\"https:\/\/jpevlogistics.com\/wp-content\/uploads\/2024\/02\/Bandera-Uruguay-150x150.png 150w, https:\/\/jpevlogistics.com\/wp-content\/uploads\/2024\/02\/Bandera-Uruguay-300x300.png 300w, https:\/\/jpevlogistics.com\/wp-content\/uploads\/2024\/02\/Bandera-Uruguay-12x12.png 12w, https:\/\/jpevlogistics.com\/wp-content\/uploads\/2024\/02\/elementor\/thumbs\/Bandera-Uruguay-qk37cxl960hst8oiqjkr2hyuhunsc3k68y9sfuiui0.png 100w, https:\/\/jpevlogistics.com\/wp-content\/uploads\/2024\/02\/Bandera-Uruguay.png 540w\" sizes=\"(max-width: 150px) 100vw, 150px\" \/>\t\t\t\t\t\t\t\t\t\t\t\t\t\t\t<\/div>\n\t\t\t\t<\/div>\n\t\t\t\t<div class=\"elementor-element elementor-element-c1a74a5 elementor-widget elementor-widget-text-editor\" data-id=\"c1a74a5\" data-element_type=\"widget\" data-e-type=\"widget\" data-widget_type=\"text-editor.default\">\n\t\t\t\t<div class=\"elementor-widget-container\">\n\t\t\t\t\t\t\t\t\t<p style=\"text-align: center;\"><a href=\"http:\/\/200.68.125.38:9292\/web\/Tracking\/index.html\" target=\"_blank\" rel=\"noopener\"><u>Web Tracking \u2013 URUGUAY<\/u><\/a><\/p>\t\t\t\t\t\t\t\t<\/div>\n\t\t\t\t<\/div>\n\t\t\t\t\t<\/div>\n\t\t<\/div>\n\t\t\t\t\t<\/div>\n\t\t<\/section>\n\t\t\t\t<section class=\"elementor-section elementor-top-section elementor-element elementor-element-14d2855 elementor-section-boxed elementor-section-height-default elementor-section-height-default\" data-id=\"14d2855\" data-element_type=\"section\" data-e-type=\"section\">\n\t\t\t\t\t\t<div class=\"elementor-container elementor-column-gap-default\">\n\t\t\t\t\t<div class=\"elementor-column elementor-col-100 elementor-top-column elementor-element elementor-element-b311680\" data-id=\"b311680\" data-element_type=\"column\" data-e-type=\"column\">\n\t\t\t<div class=\"elementor-widget-wrap elementor-element-populated\">\n\t\t\t\t\t\t<div class=\"elementor-element elementor-element-39adb7d elementor-widget elementor-widget-heading\" data-id=\"39adb7d\" data-element_type=\"widget\" data-e-type=\"widget\" data-widget_type=\"heading.default\">\n\t\t\t\t<div class=\"elementor-widget-container\">\n\t\t\t\t\t<h2 class=\"elementor-heading-title elementor-size-default\">Pr\u00f3ximos pasos<\/h2>\t\t\t\t<\/div>\n\t\t\t\t<\/div>\n\t\t\t\t<section class=\"elementor-section elementor-inner-section elementor-element elementor-element-65b6250 elementor-section-boxed elementor-section-height-default elementor-section-height-default\" data-id=\"65b6250\" data-element_type=\"section\" data-e-type=\"section\">\n\t\t\t\t\t\t<div class=\"elementor-container elementor-column-gap-extended\">\n\t\t\t\t\t<div class=\"elementor-column elementor-col-50 elementor-inner-column elementor-element elementor-element-aee0453\" data-id=\"aee0453\" data-element_type=\"column\" data-e-type=\"column\">\n\t\t\t<div class=\"elementor-widget-wrap elementor-element-populated\">\n\t\t\t\t\t\t<div class=\"elementor-element elementor-element-1d7fa5a elementor-cta--layout-image-above elementor-cta--skin-classic elementor-animated-content elementor-bg-transform elementor-bg-transform-zoom-in elementor-widget elementor-widget-call-to-action\" data-id=\"1d7fa5a\" data-element_type=\"widget\" data-e-type=\"widget\" data-widget_type=\"call-to-action.default\">\n\t\t\t\t<div class=\"elementor-widget-container\">\n\t\t\t\t\t\t\t<div class=\"elementor-cta\">\n\t\t\t\t\t<div class=\"elementor-cta__bg-wrapper\">\n\t\t\t\t<div class=\"elementor-cta__bg elementor-bg\" style=\"background-image: url(https:\/\/jpevlogistics.com\/wp-content\/uploads\/2024\/05\/middle-aged-man-protective-work-wear-working-tablet-large-warehouse-storage-center-768x513.jpg);\" role=\"img\" aria-label=\"Middle aged man in protective work wear working on a tablet in large warehouse storage center.\"><\/div>\n\t\t\t\t<div class=\"elementor-cta__bg-overlay\"><\/div>\n\t\t\t<\/div>\n\t\t\t\t\t\t\t<div class=\"elementor-cta__content\">\n\t\t\t\t\n\t\t\t\t\t\t\t\t\t<h2 class=\"elementor-cta__title elementor-cta__content-item elementor-content-item\">\n\t\t\t\t\t\tGu\u00eda para Clientes\t\t\t\t\t<\/h2>\n\t\t\t\t\n\t\t\t\t\t\t\t\t\t<div class=\"elementor-cta__description elementor-cta__content-item elementor-content-item\">\n\t\t\t\t\t\tAqu\u00ed encontrar\u00e1s informaci\u00f3n \u00fatil y la documentaci\u00f3n necesaria para dar tus primeros pasos junto a JPEV Logistics:\t\t\t\t\t<\/div>\n\t\t\t\t\n\t\t\t\t\t\t\t\t\t<div class=\"elementor-cta__button-wrapper elementor-cta__content-item elementor-content-item\">\n\t\t\t\t\t<a class=\"elementor-cta__button elementor-button elementor-size-\" href=\"https:\/\/jpevlogistics.com\/en\/guia-para-clientes\/\">\n\t\t\t\t\t\tGu\u00eda Web\t\t\t\t\t<\/a>\n\t\t\t\t\t<\/div>\n\t\t\t\t\t\t\t<\/div>\n\t\t\t\t\t\t<\/div>\n\t\t\t\t\t\t<\/div>\n\t\t\t\t<\/div>\n\t\t\t\t\t<\/div>\n\t\t<\/div>\n\t\t\t\t<div class=\"elementor-column elementor-col-50 elementor-inner-column elementor-element elementor-element-8f74c27\" data-id=\"8f74c27\" data-element_type=\"column\" data-e-type=\"column\">\n\t\t\t<div class=\"elementor-widget-wrap elementor-element-populated\">\n\t\t\t\t\t\t<div class=\"elementor-element elementor-element-2c72117 elementor-cta--layout-image-above elementor-cta--skin-classic elementor-animated-content elementor-bg-transform elementor-bg-transform-zoom-in elementor-widget elementor-widget-call-to-action\" data-id=\"2c72117\" data-element_type=\"widget\" data-e-type=\"widget\" data-widget_type=\"call-to-action.default\">\n\t\t\t\t<div class=\"elementor-widget-container\">\n\t\t\t\t\t\t\t<div class=\"elementor-cta\">\n\t\t\t\t\t<div class=\"elementor-cta__bg-wrapper\">\n\t\t\t\t<div class=\"elementor-cta__bg elementor-bg\" style=\"background-image: url(https:\/\/jpevlogistics.com\/wp-content\/uploads\/2024\/04\/canal-de-panama-2-768x576.jpeg);\" role=\"img\" aria-label=\"canal-de-panama-2\"><\/div>\n\t\t\t\t<div class=\"elementor-cta__bg-overlay\"><\/div>\n\t\t\t<\/div>\n\t\t\t\t\t\t\t<div class=\"elementor-cta__content\">\n\t\t\t\t\n\t\t\t\t\t\t\t\t\t<h2 class=\"elementor-cta__title elementor-cta__content-item elementor-content-item\">\n\t\t\t\t\t\tAsistencia\t\t\t\t\t<\/h2>\n\t\t\t\t\n\t\t\t\t\t\t\t\t\t<div class=\"elementor-cta__description elementor-cta__content-item elementor-content-item\">\n\t\t\t\t\t\tSi sos cliente de JPEV Logistics o est\u00e1s interesado en conversar, pod\u00e9s encontrar todos nuestros contactos aqu\u00ed:\t\t\t\t\t<\/div>\n\t\t\t\t\n\t\t\t\t\t\t\t\t\t<div class=\"elementor-cta__button-wrapper elementor-cta__content-item elementor-content-item\">\n\t\t\t\t\t<a class=\"elementor-cta__button elementor-button elementor-size-\" href=\"https:\/\/jpevlogistics.com\/en\/contacto\/\">\n\t\t\t\t\t\tAsistencia\t\t\t\t\t<\/a>\n\t\t\t\t\t<\/div>\n\t\t\t\t\t\t\t<\/div>\n\t\t\t\t\t\t<\/div>\n\t\t\t\t\t\t<\/div>\n\t\t\t\t<\/div>\n\t\t\t\t\t<\/div>\n\t\t<\/div>\n\t\t\t\t\t<\/div>\n\t\t<\/section>\n\t\t\t\t<div class=\"elementor-element elementor-element-07f92a1 elementor-widget elementor-widget-heading\" data-id=\"07f92a1\" data-element_type=\"widget\" data-e-type=\"widget\" data-widget_type=\"heading.default\">\n\t\t\t\t<div class=\"elementor-widget-container\">\n\t\t\t\t\t<h2 class=\"elementor-heading-title elementor-size-default\">Letter of guarantee<\/h2>\t\t\t\t<\/div>\n\t\t\t\t<\/div>\n\t\t\t\t<div class=\"elementor-element elementor-element-348a910 elementor-widget elementor-widget-text-editor\" data-id=\"348a910\" data-element_type=\"widget\" data-e-type=\"widget\" data-widget_type=\"text-editor.default\">\n\t\t\t\t<div class=\"elementor-widget-container\">\n\t\t\t\t\t\t\t\t\t<p style=\"text-align: left;\">Si necesit\u00e1s descargar la Carta de Garant\u00eda para continuar el proceso, pod\u00e9s descargarla&nbsp;<a style=\"background-color: #ffffff;\" href=\"https:\/\/jpevlogistics.com\/wp-content\/uploads\/2024\/01\/CARTA-DE-GARANTIA-JPEV-LOGISTICS-SRL-2024.doc\">haciendo clic aqu\u00ed<\/a>.<\/p>\t\t\t\t\t\t\t\t<\/div>\n\t\t\t\t<\/div>\n\t\t\t\t\t<\/div>\n\t\t<\/div>\n\t\t\t\t\t<\/div>\n\t\t<\/section>\n\t\t\t\t<\/div>","protected":false},"excerpt":{"rendered":"<p>Transporte mar\u00edtimo Impuls\u00e1 tus operaciones con nuestro servicio. Como \u00a0empresa de transporte mar\u00edtimo de contenedores, movemos miles de contenedores cada a\u00f1o y los entregamos en cada lugar donde nuestro cliente lo solicite. Independientemente de su sector, producto b\u00e1sico o mercados claves, tenemos soluciones que ofrecen a las peque\u00f1as y grandes empresas la oportunidad de crecer. [&hellip;]<\/p>\n","protected":false},"author":3,"featured_media":0,"parent":0,"menu_order":0,"comment_status":"closed","ping_status":"closed","template":"","meta":{"footnotes":""},"class_list":["post-1110","page","type-page","status-publish","hentry"],"yoast_head":"<!-- This site is optimized with the Yoast SEO plugin v27.4 - https:\/\/yoast.com\/product\/yoast-seo-wordpress\/ -->\n<title>Transporte Mar\u00edtimo - JPEV Logistics<\/title>\n<meta name=\"robots\" content=\"index, follow, max-snippet:-1, max-image-preview:large, max-video-preview:-1\" \/>\n<link rel=\"canonical\" href=\"https:\/\/jpevlogistics.com\/en\/transporte-maritimo\/\" \/>\n<meta property=\"og:locale\" content=\"en_US\" \/>\n<meta property=\"og:type\" content=\"article\" \/>\n<meta property=\"og:title\" content=\"Transporte Mar\u00edtimo - JPEV Logistics\" \/>\n<meta property=\"og:description\" content=\"Transporte mar\u00edtimo Impuls\u00e1 tus operaciones con nuestro servicio. Como \u00a0empresa de transporte mar\u00edtimo de contenedores, movemos miles de contenedores cada a\u00f1o y los entregamos en cada lugar donde nuestro cliente lo solicite. Independientemente de su sector, producto b\u00e1sico o mercados claves, tenemos soluciones que ofrecen a las peque\u00f1as y grandes empresas la oportunidad de crecer. [&hellip;]\" \/>\n<meta property=\"og:url\" content=\"https:\/\/jpevlogistics.com\/en\/transporte-maritimo\/\" \/>\n<meta property=\"og:site_name\" content=\"JPEV Logistics\" \/>\n<meta property=\"article:modified_time\" content=\"2025-06-27T13:32:35+00:00\" \/>\n<meta property=\"og:image\" content=\"https:\/\/jpevlogistics.com\/wp-content\/uploads\/2024\/02\/Bandera-Argentina-150x150.png\" \/>\n<meta name=\"twitter:card\" content=\"summary_large_image\" \/>\n<meta name=\"twitter:label1\" content=\"Est. reading time\" \/>\n\t<meta name=\"twitter:data1\" content=\"1 minute\" \/>\n<script type=\"application\/ld+json\" class=\"yoast-schema-graph\">{\"@context\":\"https:\\\/\\\/schema.org\",\"@graph\":[{\"@type\":\"WebPage\",\"@id\":\"https:\\\/\\\/jpevlogistics.com\\\/transporte-maritimo\\\/\",\"url\":\"https:\\\/\\\/jpevlogistics.com\\\/transporte-maritimo\\\/\",\"name\":\"Transporte Mar\u00edtimo - JPEV Logistics\",\"isPartOf\":{\"@id\":\"https:\\\/\\\/jpevlogistics.com\\\/#website\"},\"primaryImageOfPage\":{\"@id\":\"https:\\\/\\\/jpevlogistics.com\\\/transporte-maritimo\\\/#primaryimage\"},\"image\":{\"@id\":\"https:\\\/\\\/jpevlogistics.com\\\/transporte-maritimo\\\/#primaryimage\"},\"thumbnailUrl\":\"https:\\\/\\\/jpevlogistics.com\\\/wp-content\\\/uploads\\\/2024\\\/02\\\/Bandera-Argentina-150x150.png\",\"datePublished\":\"2020-07-09T20:48:32+00:00\",\"dateModified\":\"2025-06-27T13:32:35+00:00\",\"breadcrumb\":{\"@id\":\"https:\\\/\\\/jpevlogistics.com\\\/transporte-maritimo\\\/#breadcrumb\"},\"inLanguage\":\"en-US\",\"potentialAction\":[{\"@type\":\"ReadAction\",\"target\":[\"https:\\\/\\\/jpevlogistics.com\\\/transporte-maritimo\\\/\"]}]},{\"@type\":\"ImageObject\",\"inLanguage\":\"en-US\",\"@id\":\"https:\\\/\\\/jpevlogistics.com\\\/transporte-maritimo\\\/#primaryimage\",\"url\":\"https:\\\/\\\/jpevlogistics.com\\\/wp-content\\\/uploads\\\/2024\\\/02\\\/Bandera-Argentina-150x150.png\",\"contentUrl\":\"https:\\\/\\\/jpevlogistics.com\\\/wp-content\\\/uploads\\\/2024\\\/02\\\/Bandera-Argentina-150x150.png\"},{\"@type\":\"BreadcrumbList\",\"@id\":\"https:\\\/\\\/jpevlogistics.com\\\/transporte-maritimo\\\/#breadcrumb\",\"itemListElement\":[{\"@type\":\"ListItem\",\"position\":1,\"name\":\"Portada\",\"item\":\"https:\\\/\\\/jpevlogistics.com\\\/\"},{\"@type\":\"ListItem\",\"position\":2,\"name\":\"Transporte Mar\u00edtimo\"}]},{\"@type\":\"WebSite\",\"@id\":\"https:\\\/\\\/jpevlogistics.com\\\/#website\",\"url\":\"https:\\\/\\\/jpevlogistics.com\\\/\",\"name\":\"JPEV Logistics\",\"description\":\"\",\"publisher\":{\"@id\":\"https:\\\/\\\/jpevlogistics.com\\\/#organization\"},\"potentialAction\":[{\"@type\":\"SearchAction\",\"target\":{\"@type\":\"EntryPoint\",\"urlTemplate\":\"https:\\\/\\\/jpevlogistics.com\\\/?s={search_term_string}\"},\"query-input\":{\"@type\":\"PropertyValueSpecification\",\"valueRequired\":true,\"valueName\":\"search_term_string\"}}],\"inLanguage\":\"en-US\"},{\"@type\":\"Organization\",\"@id\":\"https:\\\/\\\/jpevlogistics.com\\\/#organization\",\"name\":\"JPEV Logistics\",\"url\":\"https:\\\/\\\/jpevlogistics.com\\\/\",\"logo\":{\"@type\":\"ImageObject\",\"inLanguage\":\"en-US\",\"@id\":\"https:\\\/\\\/jpevlogistics.com\\\/#\\\/schema\\\/logo\\\/image\\\/\",\"url\":\"https:\\\/\\\/jpevlogistics.com\\\/wp-content\\\/uploads\\\/2020\\\/07\\\/logo.png\",\"contentUrl\":\"https:\\\/\\\/jpevlogistics.com\\\/wp-content\\\/uploads\\\/2020\\\/07\\\/logo.png\",\"width\":214,\"height\":81,\"caption\":\"JPEV Logistics\"},\"image\":{\"@id\":\"https:\\\/\\\/jpevlogistics.com\\\/#\\\/schema\\\/logo\\\/image\\\/\"},\"sameAs\":[\"https:\\\/\\\/www.instagram.com\\\/jpevlogistics\\\/\",\"https:\\\/\\\/www.linkedin.com\\\/company\\\/jpev-logistics\\\/\"]}]}<\/script>\n<!-- \/ Yoast SEO plugin. -->","yoast_head_json":{"title":"Transporte Mar\u00edtimo - JPEV Logistics","robots":{"index":"index","follow":"follow","max-snippet":"max-snippet:-1","max-image-preview":"max-image-preview:large","max-video-preview":"max-video-preview:-1"},"canonical":"https:\/\/jpevlogistics.com\/en\/transporte-maritimo\/","og_locale":"en_US","og_type":"article","og_title":"Transporte Mar\u00edtimo - JPEV Logistics","og_description":"Transporte mar\u00edtimo Impuls\u00e1 tus operaciones con nuestro servicio. Como \u00a0empresa de transporte mar\u00edtimo de contenedores, movemos miles de contenedores cada a\u00f1o y los entregamos en cada lugar donde nuestro cliente lo solicite. Independientemente de su sector, producto b\u00e1sico o mercados claves, tenemos soluciones que ofrecen a las peque\u00f1as y grandes empresas la oportunidad de crecer. [&hellip;]","og_url":"https:\/\/jpevlogistics.com\/en\/transporte-maritimo\/","og_site_name":"JPEV Logistics","article_modified_time":"2025-06-27T13:32:35+00:00","og_image":[{"url":"https:\/\/jpevlogistics.com\/wp-content\/uploads\/2024\/02\/Bandera-Argentina-150x150.png","type":"","width":"","height":""}],"twitter_card":"summary_large_image","twitter_misc":{"Est. reading time":"1 minute"},"schema":{"@context":"https:\/\/schema.org","@graph":[{"@type":"WebPage","@id":"https:\/\/jpevlogistics.com\/transporte-maritimo\/","url":"https:\/\/jpevlogistics.com\/transporte-maritimo\/","name":"Transporte Mar\u00edtimo - JPEV Logistics","isPartOf":{"@id":"https:\/\/jpevlogistics.com\/#website"},"primaryImageOfPage":{"@id":"https:\/\/jpevlogistics.com\/transporte-maritimo\/#primaryimage"},"image":{"@id":"https:\/\/jpevlogistics.com\/transporte-maritimo\/#primaryimage"},"thumbnailUrl":"https:\/\/jpevlogistics.com\/wp-content\/uploads\/2024\/02\/Bandera-Argentina-150x150.png","datePublished":"2020-07-09T20:48:32+00:00","dateModified":"2025-06-27T13:32:35+00:00","breadcrumb":{"@id":"https:\/\/jpevlogistics.com\/transporte-maritimo\/#breadcrumb"},"inLanguage":"en-US","potentialAction":[{"@type":"ReadAction","target":["https:\/\/jpevlogistics.com\/transporte-maritimo\/"]}]},{"@type":"ImageObject","inLanguage":"en-US","@id":"https:\/\/jpevlogistics.com\/transporte-maritimo\/#primaryimage","url":"https:\/\/jpevlogistics.com\/wp-content\/uploads\/2024\/02\/Bandera-Argentina-150x150.png","contentUrl":"https:\/\/jpevlogistics.com\/wp-content\/uploads\/2024\/02\/Bandera-Argentina-150x150.png"},{"@type":"BreadcrumbList","@id":"https:\/\/jpevlogistics.com\/transporte-maritimo\/#breadcrumb","itemListElement":[{"@type":"ListItem","position":1,"name":"Portada","item":"https:\/\/jpevlogistics.com\/"},{"@type":"ListItem","position":2,"name":"Transporte Mar\u00edtimo"}]},{"@type":"WebSite","@id":"https:\/\/jpevlogistics.com\/#website","url":"https:\/\/jpevlogistics.com\/","name":"JPEV Logistics","description":"","publisher":{"@id":"https:\/\/jpevlogistics.com\/#organization"},"potentialAction":[{"@type":"SearchAction","target":{"@type":"EntryPoint","urlTemplate":"https:\/\/jpevlogistics.com\/?s={search_term_string}"},"query-input":{"@type":"PropertyValueSpecification","valueRequired":true,"valueName":"search_term_string"}}],"inLanguage":"en-US"},{"@type":"Organization","@id":"https:\/\/jpevlogistics.com\/#organization","name":"JPEV Logistics","url":"https:\/\/jpevlogistics.com\/","logo":{"@type":"ImageObject","inLanguage":"en-US","@id":"https:\/\/jpevlogistics.com\/#\/schema\/logo\/image\/","url":"https:\/\/jpevlogistics.com\/wp-content\/uploads\/2020\/07\/logo.png","contentUrl":"https:\/\/jpevlogistics.com\/wp-content\/uploads\/2020\/07\/logo.png","width":214,"height":81,"caption":"JPEV Logistics"},"image":{"@id":"https:\/\/jpevlogistics.com\/#\/schema\/logo\/image\/"},"sameAs":["https:\/\/www.instagram.com\/jpevlogistics\/","https:\/\/www.linkedin.com\/company\/jpev-logistics\/"]}]}},"_links":{"self":[{"href":"https:\/\/jpevlogistics.com\/en\/wp-json\/wp\/v2\/pages\/1110","targetHints":{"allow":["GET"]}}],"collection":[{"href":"https:\/\/jpevlogistics.com\/en\/wp-json\/wp\/v2\/pages"}],"about":[{"href":"https:\/\/jpevlogistics.com\/en\/wp-json\/wp\/v2\/types\/page"}],"author":[{"embeddable":true,"href":"https:\/\/jpevlogistics.com\/en\/wp-json\/wp\/v2\/users\/3"}],"replies":[{"embeddable":true,"href":"https:\/\/jpevlogistics.com\/en\/wp-json\/wp\/v2\/comments?post=1110"}],"version-history":[{"count":33,"href":"https:\/\/jpevlogistics.com\/en\/wp-json\/wp\/v2\/pages\/1110\/revisions"}],"predecessor-version":[{"id":4263,"href":"https:\/\/jpevlogistics.com\/en\/wp-json\/wp\/v2\/pages\/1110\/revisions\/4263"}],"wp:attachment":[{"href":"https:\/\/jpevlogistics.com\/en\/wp-json\/wp\/v2\/media?parent=1110"}],"curies":[{"name":"wp","href":"https:\/\/api.w.org\/{rel}","templated":true}]}}