{"id":1136,"date":"2020-07-09T21:09:50","date_gmt":"2020-07-09T21:09:50","guid":{"rendered":"https:\/\/jpevlogistics.com\/?page_id=1136"},"modified":"2025-06-27T13:34:05","modified_gmt":"2025-06-27T13:34:05","slug":"servicio-terrestre","status":"publish","type":"page","link":"https:\/\/jpevlogistics.com\/en\/servicio-terrestre\/","title":{"rendered":"Servicio Terrestre"},"content":{"rendered":"<div data-elementor-type=\"wp-page\" data-elementor-id=\"1136\" class=\"elementor elementor-1136\" data-elementor-post-type=\"page\">\n\t\t\t\t\t\t<section class=\"elementor-section elementor-top-section elementor-element elementor-element-d6a6a43 elementor-section-full_width elementor-section-height-default elementor-section-height-default\" data-id=\"d6a6a43\" data-element_type=\"section\" data-e-type=\"section\">\n\t\t\t\t\t\t\t<div class=\"elementor-background-overlay\"><\/div>\n\t\t\t\t\t\t\t<div class=\"elementor-container elementor-column-gap-default\">\n\t\t\t\t\t<div class=\"elementor-column elementor-col-100 elementor-top-column elementor-element elementor-element-fbb48c4 elementor-hidden-tablet elementor-hidden-mobile\" data-id=\"fbb48c4\" data-element_type=\"column\" data-e-type=\"column\">\n\t\t\t<div class=\"elementor-widget-wrap elementor-element-populated\">\n\t\t\t\t\t\t<div class=\"elementor-element elementor-element-bfa12b9 elementor-widget-mobile__width-initial elementor-widget__width-initial elementor-widget elementor-widget-heading\" data-id=\"bfa12b9\" data-element_type=\"widget\" data-e-type=\"widget\" data-widget_type=\"heading.default\">\n\t\t\t\t<div class=\"elementor-widget-container\">\n\t\t\t\t\t<h1 class=\"elementor-heading-title elementor-size-default\">Transporte terrestre<\/h1>\t\t\t\t<\/div>\n\t\t\t\t<\/div>\n\t\t\t\t<div class=\"elementor-element elementor-element-230f2c7 elementor-widget-mobile__width-initial elementor-widget__width-initial elementor-widget elementor-widget-text-editor\" data-id=\"230f2c7\" data-element_type=\"widget\" data-e-type=\"widget\" data-widget_type=\"text-editor.default\">\n\t\t\t\t<div class=\"elementor-widget-container\">\n\t\t\t\t\t\t\t\t\t<p><span style=\"font-weight: 400;\">Te conectamos con la regi\u00f3n de forma eficiente y segura<\/span><\/p>\t\t\t\t\t\t\t\t<\/div>\n\t\t\t\t<\/div>\n\t\t\t\t\t<\/div>\n\t\t<\/div>\n\t\t\t\t\t<\/div>\n\t\t<\/section>\n\t\t\t\t<section class=\"elementor-section elementor-top-section elementor-element elementor-element-ea2a453 elementor-section-boxed elementor-section-height-default elementor-section-height-default\" data-id=\"ea2a453\" data-element_type=\"section\" data-e-type=\"section\">\n\t\t\t\t\t\t<div class=\"elementor-container elementor-column-gap-default\">\n\t\t\t\t\t<div class=\"elementor-column elementor-col-50 elementor-top-column elementor-element elementor-element-21f1aaa\" data-id=\"21f1aaa\" data-element_type=\"column\" data-e-type=\"column\">\n\t\t\t<div class=\"elementor-widget-wrap elementor-element-populated\">\n\t\t\t\t\t\t<div class=\"elementor-element elementor-element-6961e38 elementor-widget elementor-widget-text-editor\" data-id=\"6961e38\" data-element_type=\"widget\" data-e-type=\"widget\" data-widget_type=\"text-editor.default\">\n\t\t\t\t<div class=\"elementor-widget-container\">\n\t\t\t\t\t\t\t\t\t<p>\u00a0<\/p><p>\u00a0<\/p><p><span style=\"font-weight: 400;\">Conectamos m\u00e1s de 30 ciudades por v\u00eda terrestre ofreciendo un servicio r\u00e1pido, confiable y adaptado a las necesidades de tu negocio. Operamos en puntos estrat\u00e9gicos de Argentina, Chile, Brasil y Uruguay, asegurando una log\u00edstica fluida para tus productos.<\/span><\/p>\t\t\t\t\t\t\t\t<\/div>\n\t\t\t\t<\/div>\n\t\t\t\t<div class=\"elementor-element elementor-element-77467dd elementor-widget-mobile__width-initial elementor-widget__width-initial elementor-invisible elementor-widget elementor-widget-button\" data-id=\"77467dd\" data-element_type=\"widget\" data-e-type=\"widget\" data-settings=\"{&quot;_animation&quot;:&quot;slideInLeft&quot;}\" data-widget_type=\"button.default\">\n\t\t\t\t<div class=\"elementor-widget-container\">\n\t\t\t\t\t\t\t\t\t<div class=\"elementor-button-wrapper\">\n\t\t\t\t\t<a class=\"elementor-button elementor-button-link elementor-size-xs\" href=\"https:\/\/jpevlogistics.com\/en\/guia-para-clientes\/\">\n\t\t\t\t\t\t<span class=\"elementor-button-content-wrapper\">\n\t\t\t\t\t\t\t\t\t<span class=\"elementor-button-text\">CONTACT US<\/span>\n\t\t\t\t\t<\/span>\n\t\t\t\t\t<\/a>\n\t\t\t\t<\/div>\n\t\t\t\t\t\t\t\t<\/div>\n\t\t\t\t<\/div>\n\t\t\t\t\t<\/div>\n\t\t<\/div>\n\t\t\t\t<div class=\"elementor-column elementor-col-50 elementor-top-column elementor-element elementor-element-4358af0\" data-id=\"4358af0\" data-element_type=\"column\" data-e-type=\"column\">\n\t\t\t<div class=\"elementor-widget-wrap elementor-element-populated\">\n\t\t\t\t\t\t<div class=\"elementor-element elementor-element-bf7b8bf elementor-widget elementor-widget-text-editor\" data-id=\"bf7b8bf\" data-element_type=\"widget\" data-e-type=\"widget\" data-widget_type=\"text-editor.default\">\n\t\t\t\t<div class=\"elementor-widget-container\">\n\t\t\t\t\t\t\t\t\t<h4><b>Caracter\u00edsticas de nuestro servicio<\/b><\/h4><p><span style=\"font-weight: 400;\"><strong>Cobertura regional e internacional<\/strong><br \/><\/span><span style=\"font-weight: 400;\">Llevamos tus cargas a destino a trav\u00e9s de una red de transporte terrestre que conecta las principales ciudades de Sudam\u00e9rica, optimizando tiempos de entrega y reduciendo costos.<\/span><\/p><p><span style=\"font-weight: 400;\"><strong>Flexibilidad de carga<br \/><\/strong>Gestionamos distintos tipos de cargas, desde carga general hasta carga refrigerada, asegurando que tus productos lleguen en las condiciones \u00f3ptimas.<\/span><\/p><p><span style=\"font-weight: 400;\"><strong>Flota de veh\u00edculos<\/strong><br \/><\/span> <span style=\"font-weight: 400;\">Contamos con una flota de camiones y furgones equipados para manejar todo tipo de carga. <\/span><b>Semi Remolque &#8211; Furg\u00f3n hasta 115 M3 &#8211; Truck hasta 35 M3 &#8211; Carretones especiales para cargas de gran porte.<\/b><\/p>\t\t\t\t\t\t\t\t<\/div>\n\t\t\t\t<\/div>\n\t\t\t\t\t<\/div>\n\t\t<\/div>\n\t\t\t\t\t<\/div>\n\t\t<\/section>\n\t\t\t\t<section class=\"elementor-section elementor-top-section elementor-element elementor-element-c627433 elementor-section-full_width elementor-section-height-default elementor-section-height-default\" data-id=\"c627433\" data-element_type=\"section\" data-e-type=\"section\" data-settings=\"{&quot;background_background&quot;:&quot;classic&quot;}\">\n\t\t\t\t\t\t<div class=\"elementor-container elementor-column-gap-default\">\n\t\t\t\t\t<div class=\"elementor-column elementor-col-50 elementor-top-column elementor-element elementor-element-523a99c\" data-id=\"523a99c\" data-element_type=\"column\" data-e-type=\"column\">\n\t\t\t<div class=\"elementor-widget-wrap elementor-element-populated\">\n\t\t\t\t\t\t<div class=\"elementor-element elementor-element-7078671 elementor-widget elementor-widget-text-editor\" data-id=\"7078671\" data-element_type=\"widget\" data-e-type=\"widget\" data-widget_type=\"text-editor.default\">\n\t\t\t\t<div class=\"elementor-widget-container\">\n\t\t\t\t\t\t\t\t\t<h3><strong>Seguimiento en Tiempo Real<\/strong><\/h3><p><span style=\"font-weight: 400;\">Control\u00e1 el estado y ubicaci\u00f3n de tus env\u00edos desde nuestra plataforma de Web Tracking.<\/span><\/p>\t\t\t\t\t\t\t\t<\/div>\n\t\t\t\t<\/div>\n\t\t\t\t\t<\/div>\n\t\t<\/div>\n\t\t\t\t<div class=\"elementor-column elementor-col-50 elementor-top-column elementor-element elementor-element-e7432c3\" data-id=\"e7432c3\" data-element_type=\"column\" data-e-type=\"column\">\n\t\t\t<div class=\"elementor-widget-wrap elementor-element-populated\">\n\t\t\t\t\t\t<div class=\"elementor-element elementor-element-ba11fe4 elementor-widget elementor-widget-image\" data-id=\"ba11fe4\" data-element_type=\"widget\" data-e-type=\"widget\" data-widget_type=\"image.default\">\n\t\t\t\t<div class=\"elementor-widget-container\">\n\t\t\t\t\t\t\t\t\t\t\t\t\t\t\t<img decoding=\"async\" src=\"https:\/\/jpevlogistics.com\/wp-content\/uploads\/elementor\/thumbs\/ubicacion-tiempo-real-1-qvzi1ydckfylkgm2w1dq2tz9opclyvnnshcn7fv6is.png\" title=\"ubicacion-tiempo-real\" alt=\"ubicacion-tiempo-real\" loading=\"lazy\" \/>\t\t\t\t\t\t\t\t\t\t\t\t\t\t\t<\/div>\n\t\t\t\t<\/div>\n\t\t\t\t\t<\/div>\n\t\t<\/div>\n\t\t\t\t\t<\/div>\n\t\t<\/section>\n\t\t\t\t<section class=\"elementor-section elementor-top-section elementor-element elementor-element-3ce8776 elementor-section-full_width elementor-section-height-default elementor-section-height-default\" data-id=\"3ce8776\" data-element_type=\"section\" data-e-type=\"section\" data-settings=\"{&quot;background_background&quot;:&quot;classic&quot;}\">\n\t\t\t\t\t\t<div class=\"elementor-container elementor-column-gap-default\">\n\t\t\t\t\t<div class=\"elementor-column elementor-col-50 elementor-top-column elementor-element elementor-element-123fb9f\" data-id=\"123fb9f\" data-element_type=\"column\" data-e-type=\"column\">\n\t\t\t<div class=\"elementor-widget-wrap elementor-element-populated\">\n\t\t\t\t\t\t<div class=\"elementor-element elementor-element-ae6a2bc elementor-widget elementor-widget-image\" data-id=\"ae6a2bc\" data-element_type=\"widget\" data-e-type=\"widget\" data-widget_type=\"image.default\">\n\t\t\t\t<div class=\"elementor-widget-container\">\n\t\t\t\t\t\t\t\t\t\t\t\t\t\t\t<img fetchpriority=\"high\" decoding=\"async\" width=\"750\" height=\"500\" src=\"https:\/\/jpevlogistics.com\/wp-content\/uploads\/2024\/10\/hombre-usando-tablet.png\" class=\"attachment-large size-large wp-image-3884\" alt=\"\" srcset=\"https:\/\/jpevlogistics.com\/wp-content\/uploads\/2024\/10\/hombre-usando-tablet.png 750w, https:\/\/jpevlogistics.com\/wp-content\/uploads\/2024\/10\/hombre-usando-tablet-300x200.png 300w, https:\/\/jpevlogistics.com\/wp-content\/uploads\/2024\/10\/hombre-usando-tablet-18x12.png 18w\" sizes=\"(max-width: 750px) 100vw, 750px\" \/>\t\t\t\t\t\t\t\t\t\t\t\t\t\t\t<\/div>\n\t\t\t\t<\/div>\n\t\t\t\t\t<\/div>\n\t\t<\/div>\n\t\t\t\t<div class=\"elementor-column elementor-col-50 elementor-top-column elementor-element elementor-element-b13c2a5\" data-id=\"b13c2a5\" data-element_type=\"column\" data-e-type=\"column\">\n\t\t\t<div class=\"elementor-widget-wrap elementor-element-populated\">\n\t\t\t\t\t\t<div class=\"elementor-element elementor-element-5c66e1a elementor-widget elementor-widget-text-editor\" data-id=\"5c66e1a\" data-element_type=\"widget\" data-e-type=\"widget\" data-widget_type=\"text-editor.default\">\n\t\t\t\t<div class=\"elementor-widget-container\">\n\t\t\t\t\t\t\t\t\t<h3><strong>Proceso de reserva simplificado<\/strong><\/h3><p><span style=\"font-weight: 400;\">Con solo unos clics, pod\u00e9s programar y gestionar tus env\u00edos directamente desde nuestra web. Para m\u00e1s informaci\u00f3n, visita nuestra <a href=\"https:\/\/jpevlogistics.com\/en\/guia-para-clientes\/\">Gu\u00eda Web<\/a>.<\/span><\/p>\t\t\t\t\t\t\t\t<\/div>\n\t\t\t\t<\/div>\n\t\t\t\t\t<\/div>\n\t\t<\/div>\n\t\t\t\t\t<\/div>\n\t\t<\/section>\n\t\t\t\t<section class=\"elementor-section elementor-top-section elementor-element elementor-element-d5c3d7b elementor-section-full_width elementor-section-height-default elementor-section-height-default\" data-id=\"d5c3d7b\" data-element_type=\"section\" data-e-type=\"section\" data-settings=\"{&quot;background_background&quot;:&quot;classic&quot;}\">\n\t\t\t\t\t\t<div class=\"elementor-container elementor-column-gap-default\">\n\t\t\t\t\t<div class=\"elementor-column elementor-col-50 elementor-top-column elementor-element elementor-element-ea3865a\" data-id=\"ea3865a\" data-element_type=\"column\" data-e-type=\"column\">\n\t\t\t<div class=\"elementor-widget-wrap elementor-element-populated\">\n\t\t\t\t\t\t<div class=\"elementor-element elementor-element-73a1069 elementor-widget elementor-widget-text-editor\" data-id=\"73a1069\" data-element_type=\"widget\" data-e-type=\"widget\" data-widget_type=\"text-editor.default\">\n\t\t\t\t<div class=\"elementor-widget-container\">\n\t\t\t\t\t\t\t\t\t<h3><strong>Atenci\u00f3n personalizada<\/strong><\/h3><p><span style=\"font-weight: 400;\">Nuestro equipo est\u00e1 siempre disponible para ofrecer soporte y asistencia, asegurando que cada etapa del proceso log\u00edstico cumpla con tus expectativas.<\/span><\/p>\t\t\t\t\t\t\t\t<\/div>\n\t\t\t\t<\/div>\n\t\t\t\t\t<\/div>\n\t\t<\/div>\n\t\t\t\t<div class=\"elementor-column elementor-col-50 elementor-top-column elementor-element elementor-element-356eeb5\" data-id=\"356eeb5\" data-element_type=\"column\" data-e-type=\"column\">\n\t\t\t<div class=\"elementor-widget-wrap elementor-element-populated\">\n\t\t\t\t\t\t<div class=\"elementor-element elementor-element-204f96c elementor-widget elementor-widget-image\" data-id=\"204f96c\" data-element_type=\"widget\" data-e-type=\"widget\" data-widget_type=\"image.default\">\n\t\t\t\t<div class=\"elementor-widget-container\">\n\t\t\t\t\t\t\t\t\t\t\t\t\t\t\t<img decoding=\"async\" width=\"750\" height=\"500\" src=\"https:\/\/jpevlogistics.com\/wp-content\/uploads\/2024\/10\/celular-atencion-cliente.png\" class=\"attachment-large size-large wp-image-3885\" alt=\"\" srcset=\"https:\/\/jpevlogistics.com\/wp-content\/uploads\/2024\/10\/celular-atencion-cliente.png 750w, https:\/\/jpevlogistics.com\/wp-content\/uploads\/2024\/10\/celular-atencion-cliente-300x200.png 300w, https:\/\/jpevlogistics.com\/wp-content\/uploads\/2024\/10\/celular-atencion-cliente-18x12.png 18w\" sizes=\"(max-width: 750px) 100vw, 750px\" \/>\t\t\t\t\t\t\t\t\t\t\t\t\t\t\t<\/div>\n\t\t\t\t<\/div>\n\t\t\t\t\t<\/div>\n\t\t<\/div>\n\t\t\t\t\t<\/div>\n\t\t<\/section>\n\t\t\t\t<section class=\"elementor-section elementor-top-section elementor-element elementor-element-6c26bfc elementor-section-full_width elementor-section-height-default elementor-section-height-default\" data-id=\"6c26bfc\" data-element_type=\"section\" data-e-type=\"section\" data-settings=\"{&quot;background_background&quot;:&quot;classic&quot;}\">\n\t\t\t\t\t\t<div class=\"elementor-container elementor-column-gap-default\">\n\t\t\t\t\t<div class=\"elementor-column elementor-col-50 elementor-top-column elementor-element elementor-element-f2e3f03\" data-id=\"f2e3f03\" data-element_type=\"column\" data-e-type=\"column\">\n\t\t\t<div class=\"elementor-widget-wrap elementor-element-populated\">\n\t\t\t\t\t\t<div class=\"elementor-element elementor-element-77f1104 elementor-widget-mobile__width-initial elementor-widget elementor-widget-image\" data-id=\"77f1104\" data-element_type=\"widget\" data-e-type=\"widget\" data-widget_type=\"image.default\">\n\t\t\t\t<div class=\"elementor-widget-container\">\n\t\t\t\t\t\t\t\t\t\t\t\t\t\t\t<img decoding=\"async\" width=\"750\" height=\"500\" src=\"https:\/\/jpevlogistics.com\/wp-content\/uploads\/2024\/10\/Camion.png\" class=\"attachment-large size-large wp-image-3886\" alt=\"\" srcset=\"https:\/\/jpevlogistics.com\/wp-content\/uploads\/2024\/10\/Camion.png 750w, https:\/\/jpevlogistics.com\/wp-content\/uploads\/2024\/10\/Camion-300x200.png 300w, https:\/\/jpevlogistics.com\/wp-content\/uploads\/2024\/10\/Camion-18x12.png 18w\" sizes=\"(max-width: 750px) 100vw, 750px\" \/>\t\t\t\t\t\t\t\t\t\t\t\t\t\t\t<\/div>\n\t\t\t\t<\/div>\n\t\t\t\t\t<\/div>\n\t\t<\/div>\n\t\t\t\t<div class=\"elementor-column elementor-col-50 elementor-top-column elementor-element elementor-element-25a99f2\" data-id=\"25a99f2\" data-element_type=\"column\" data-e-type=\"column\">\n\t\t\t<div class=\"elementor-widget-wrap elementor-element-populated\">\n\t\t\t\t\t\t<div class=\"elementor-element elementor-element-89ae7dd elementor-widget elementor-widget-text-editor\" data-id=\"89ae7dd\" data-element_type=\"widget\" data-e-type=\"widget\" data-widget_type=\"text-editor.default\">\n\t\t\t\t<div class=\"elementor-widget-container\">\n\t\t\t\t\t\t\t\t\t<h3><strong>Calidad Certificada<\/strong><\/h3><p><span style=\"font-weight: 400;\">Mantenemos altos est\u00e1ndares de calidad en todas nuestras operaciones, avalados por nuestra certificaci\u00f3n ISO 9001:2015.<\/span><\/p>\t\t\t\t\t\t\t\t<\/div>\n\t\t\t\t<\/div>\n\t\t\t\t\t<\/div>\n\t\t<\/div>\n\t\t\t\t\t<\/div>\n\t\t<\/section>\n\t\t\t\t<\/div>","protected":false},"excerpt":{"rendered":"<p>Transporte terrestre Te conectamos con la regi\u00f3n de forma eficiente y segura \u00a0 \u00a0 Conectamos m\u00e1s de 30 ciudades por v\u00eda terrestre ofreciendo un servicio r\u00e1pido, confiable y adaptado a las necesidades de tu negocio. Operamos en puntos estrat\u00e9gicos de Argentina, Chile, Brasil y Uruguay, asegurando una log\u00edstica fluida para tus productos. CONTACTANOS Caracter\u00edsticas de [&hellip;]<\/p>\n","protected":false},"author":3,"featured_media":0,"parent":0,"menu_order":0,"comment_status":"closed","ping_status":"closed","template":"","meta":{"footnotes":""},"class_list":["post-1136","page","type-page","status-publish","hentry"],"yoast_head":"<!-- This site is optimized with the Yoast SEO plugin v27.4 - https:\/\/yoast.com\/product\/yoast-seo-wordpress\/ -->\n<title>Servicio Terrestre - JPEV Logistics<\/title>\n<meta name=\"robots\" content=\"index, follow, max-snippet:-1, max-image-preview:large, max-video-preview:-1\" \/>\n<link rel=\"canonical\" href=\"https:\/\/jpevlogistics.com\/en\/servicio-terrestre\/\" \/>\n<meta property=\"og:locale\" content=\"en_US\" \/>\n<meta property=\"og:type\" content=\"article\" \/>\n<meta property=\"og:title\" content=\"Servicio Terrestre - JPEV Logistics\" \/>\n<meta property=\"og:description\" content=\"Transporte terrestre Te conectamos con la regi\u00f3n de forma eficiente y segura \u00a0 \u00a0 Conectamos m\u00e1s de 30 ciudades por v\u00eda terrestre ofreciendo un servicio r\u00e1pido, confiable y adaptado a las necesidades de tu negocio. Operamos en puntos estrat\u00e9gicos de Argentina, Chile, Brasil y Uruguay, asegurando una log\u00edstica fluida para tus productos. CONTACTANOS Caracter\u00edsticas de [&hellip;]\" \/>\n<meta property=\"og:url\" content=\"https:\/\/jpevlogistics.com\/en\/servicio-terrestre\/\" \/>\n<meta property=\"og:site_name\" content=\"JPEV Logistics\" \/>\n<meta property=\"article:modified_time\" content=\"2025-06-27T13:34:05+00:00\" \/>\n<meta property=\"og:image\" content=\"https:\/\/jpevlogistics.com\/wp-content\/uploads\/elementor\/thumbs\/ubicacion-tiempo-real-1-qvzi1ydckfylkgm2w1dq2tz9opclyvnnshcn7fv6is.png\" \/>\n<meta name=\"twitter:card\" content=\"summary_large_image\" \/>\n<meta name=\"twitter:label1\" content=\"Est. reading time\" \/>\n\t<meta name=\"twitter:data1\" content=\"2 minutes\" \/>\n<script type=\"application\/ld+json\" class=\"yoast-schema-graph\">{\"@context\":\"https:\\\/\\\/schema.org\",\"@graph\":[{\"@type\":\"WebPage\",\"@id\":\"https:\\\/\\\/jpevlogistics.com\\\/servicio-terrestre\\\/\",\"url\":\"https:\\\/\\\/jpevlogistics.com\\\/servicio-terrestre\\\/\",\"name\":\"Servicio Terrestre - JPEV Logistics\",\"isPartOf\":{\"@id\":\"https:\\\/\\\/jpevlogistics.com\\\/#website\"},\"primaryImageOfPage\":{\"@id\":\"https:\\\/\\\/jpevlogistics.com\\\/servicio-terrestre\\\/#primaryimage\"},\"image\":{\"@id\":\"https:\\\/\\\/jpevlogistics.com\\\/servicio-terrestre\\\/#primaryimage\"},\"thumbnailUrl\":\"https:\\\/\\\/jpevlogistics.com\\\/wp-content\\\/uploads\\\/elementor\\\/thumbs\\\/ubicacion-tiempo-real-1-qvzi1ydckfylkgm2w1dq2tz9opclyvnnshcn7fv6is.png\",\"datePublished\":\"2020-07-09T21:09:50+00:00\",\"dateModified\":\"2025-06-27T13:34:05+00:00\",\"breadcrumb\":{\"@id\":\"https:\\\/\\\/jpevlogistics.com\\\/servicio-terrestre\\\/#breadcrumb\"},\"inLanguage\":\"en-US\",\"potentialAction\":[{\"@type\":\"ReadAction\",\"target\":[\"https:\\\/\\\/jpevlogistics.com\\\/servicio-terrestre\\\/\"]}]},{\"@type\":\"ImageObject\",\"inLanguage\":\"en-US\",\"@id\":\"https:\\\/\\\/jpevlogistics.com\\\/servicio-terrestre\\\/#primaryimage\",\"url\":\"https:\\\/\\\/jpevlogistics.com\\\/wp-content\\\/uploads\\\/elementor\\\/thumbs\\\/ubicacion-tiempo-real-1-qvzi1ydckfylkgm2w1dq2tz9opclyvnnshcn7fv6is.png\",\"contentUrl\":\"https:\\\/\\\/jpevlogistics.com\\\/wp-content\\\/uploads\\\/elementor\\\/thumbs\\\/ubicacion-tiempo-real-1-qvzi1ydckfylkgm2w1dq2tz9opclyvnnshcn7fv6is.png\"},{\"@type\":\"BreadcrumbList\",\"@id\":\"https:\\\/\\\/jpevlogistics.com\\\/servicio-terrestre\\\/#breadcrumb\",\"itemListElement\":[{\"@type\":\"ListItem\",\"position\":1,\"name\":\"Portada\",\"item\":\"https:\\\/\\\/jpevlogistics.com\\\/\"},{\"@type\":\"ListItem\",\"position\":2,\"name\":\"Servicio Terrestre\"}]},{\"@type\":\"WebSite\",\"@id\":\"https:\\\/\\\/jpevlogistics.com\\\/#website\",\"url\":\"https:\\\/\\\/jpevlogistics.com\\\/\",\"name\":\"JPEV Logistics\",\"description\":\"\",\"publisher\":{\"@id\":\"https:\\\/\\\/jpevlogistics.com\\\/#organization\"},\"potentialAction\":[{\"@type\":\"SearchAction\",\"target\":{\"@type\":\"EntryPoint\",\"urlTemplate\":\"https:\\\/\\\/jpevlogistics.com\\\/?s={search_term_string}\"},\"query-input\":{\"@type\":\"PropertyValueSpecification\",\"valueRequired\":true,\"valueName\":\"search_term_string\"}}],\"inLanguage\":\"en-US\"},{\"@type\":\"Organization\",\"@id\":\"https:\\\/\\\/jpevlogistics.com\\\/#organization\",\"name\":\"JPEV Logistics\",\"url\":\"https:\\\/\\\/jpevlogistics.com\\\/\",\"logo\":{\"@type\":\"ImageObject\",\"inLanguage\":\"en-US\",\"@id\":\"https:\\\/\\\/jpevlogistics.com\\\/#\\\/schema\\\/logo\\\/image\\\/\",\"url\":\"https:\\\/\\\/jpevlogistics.com\\\/wp-content\\\/uploads\\\/2020\\\/07\\\/logo.png\",\"contentUrl\":\"https:\\\/\\\/jpevlogistics.com\\\/wp-content\\\/uploads\\\/2020\\\/07\\\/logo.png\",\"width\":214,\"height\":81,\"caption\":\"JPEV Logistics\"},\"image\":{\"@id\":\"https:\\\/\\\/jpevlogistics.com\\\/#\\\/schema\\\/logo\\\/image\\\/\"},\"sameAs\":[\"https:\\\/\\\/www.instagram.com\\\/jpevlogistics\\\/\",\"https:\\\/\\\/www.linkedin.com\\\/company\\\/jpev-logistics\\\/\"]}]}<\/script>\n<!-- \/ Yoast SEO plugin. -->","yoast_head_json":{"title":"Servicio Terrestre - JPEV Logistics","robots":{"index":"index","follow":"follow","max-snippet":"max-snippet:-1","max-image-preview":"max-image-preview:large","max-video-preview":"max-video-preview:-1"},"canonical":"https:\/\/jpevlogistics.com\/en\/servicio-terrestre\/","og_locale":"en_US","og_type":"article","og_title":"Servicio Terrestre - JPEV Logistics","og_description":"Transporte terrestre Te conectamos con la regi\u00f3n de forma eficiente y segura \u00a0 \u00a0 Conectamos m\u00e1s de 30 ciudades por v\u00eda terrestre ofreciendo un servicio r\u00e1pido, confiable y adaptado a las necesidades de tu negocio. Operamos en puntos estrat\u00e9gicos de Argentina, Chile, Brasil y Uruguay, asegurando una log\u00edstica fluida para tus productos. CONTACTANOS Caracter\u00edsticas de [&hellip;]","og_url":"https:\/\/jpevlogistics.com\/en\/servicio-terrestre\/","og_site_name":"JPEV Logistics","article_modified_time":"2025-06-27T13:34:05+00:00","og_image":[{"url":"https:\/\/jpevlogistics.com\/wp-content\/uploads\/elementor\/thumbs\/ubicacion-tiempo-real-1-qvzi1ydckfylkgm2w1dq2tz9opclyvnnshcn7fv6is.png","type":"","width":"","height":""}],"twitter_card":"summary_large_image","twitter_misc":{"Est. reading time":"2 minutes"},"schema":{"@context":"https:\/\/schema.org","@graph":[{"@type":"WebPage","@id":"https:\/\/jpevlogistics.com\/servicio-terrestre\/","url":"https:\/\/jpevlogistics.com\/servicio-terrestre\/","name":"Servicio Terrestre - JPEV Logistics","isPartOf":{"@id":"https:\/\/jpevlogistics.com\/#website"},"primaryImageOfPage":{"@id":"https:\/\/jpevlogistics.com\/servicio-terrestre\/#primaryimage"},"image":{"@id":"https:\/\/jpevlogistics.com\/servicio-terrestre\/#primaryimage"},"thumbnailUrl":"https:\/\/jpevlogistics.com\/wp-content\/uploads\/elementor\/thumbs\/ubicacion-tiempo-real-1-qvzi1ydckfylkgm2w1dq2tz9opclyvnnshcn7fv6is.png","datePublished":"2020-07-09T21:09:50+00:00","dateModified":"2025-06-27T13:34:05+00:00","breadcrumb":{"@id":"https:\/\/jpevlogistics.com\/servicio-terrestre\/#breadcrumb"},"inLanguage":"en-US","potentialAction":[{"@type":"ReadAction","target":["https:\/\/jpevlogistics.com\/servicio-terrestre\/"]}]},{"@type":"ImageObject","inLanguage":"en-US","@id":"https:\/\/jpevlogistics.com\/servicio-terrestre\/#primaryimage","url":"https:\/\/jpevlogistics.com\/wp-content\/uploads\/elementor\/thumbs\/ubicacion-tiempo-real-1-qvzi1ydckfylkgm2w1dq2tz9opclyvnnshcn7fv6is.png","contentUrl":"https:\/\/jpevlogistics.com\/wp-content\/uploads\/elementor\/thumbs\/ubicacion-tiempo-real-1-qvzi1ydckfylkgm2w1dq2tz9opclyvnnshcn7fv6is.png"},{"@type":"BreadcrumbList","@id":"https:\/\/jpevlogistics.com\/servicio-terrestre\/#breadcrumb","itemListElement":[{"@type":"ListItem","position":1,"name":"Portada","item":"https:\/\/jpevlogistics.com\/"},{"@type":"ListItem","position":2,"name":"Servicio Terrestre"}]},{"@type":"WebSite","@id":"https:\/\/jpevlogistics.com\/#website","url":"https:\/\/jpevlogistics.com\/","name":"JPEV Logistics","description":"","publisher":{"@id":"https:\/\/jpevlogistics.com\/#organization"},"potentialAction":[{"@type":"SearchAction","target":{"@type":"EntryPoint","urlTemplate":"https:\/\/jpevlogistics.com\/?s={search_term_string}"},"query-input":{"@type":"PropertyValueSpecification","valueRequired":true,"valueName":"search_term_string"}}],"inLanguage":"en-US"},{"@type":"Organization","@id":"https:\/\/jpevlogistics.com\/#organization","name":"JPEV Logistics","url":"https:\/\/jpevlogistics.com\/","logo":{"@type":"ImageObject","inLanguage":"en-US","@id":"https:\/\/jpevlogistics.com\/#\/schema\/logo\/image\/","url":"https:\/\/jpevlogistics.com\/wp-content\/uploads\/2020\/07\/logo.png","contentUrl":"https:\/\/jpevlogistics.com\/wp-content\/uploads\/2020\/07\/logo.png","width":214,"height":81,"caption":"JPEV Logistics"},"image":{"@id":"https:\/\/jpevlogistics.com\/#\/schema\/logo\/image\/"},"sameAs":["https:\/\/www.instagram.com\/jpevlogistics\/","https:\/\/www.linkedin.com\/company\/jpev-logistics\/"]}]}},"_links":{"self":[{"href":"https:\/\/jpevlogistics.com\/en\/wp-json\/wp\/v2\/pages\/1136","targetHints":{"allow":["GET"]}}],"collection":[{"href":"https:\/\/jpevlogistics.com\/en\/wp-json\/wp\/v2\/pages"}],"about":[{"href":"https:\/\/jpevlogistics.com\/en\/wp-json\/wp\/v2\/types\/page"}],"author":[{"embeddable":true,"href":"https:\/\/jpevlogistics.com\/en\/wp-json\/wp\/v2\/users\/3"}],"replies":[{"embeddable":true,"href":"https:\/\/jpevlogistics.com\/en\/wp-json\/wp\/v2\/comments?post=1136"}],"version-history":[{"count":61,"href":"https:\/\/jpevlogistics.com\/en\/wp-json\/wp\/v2\/pages\/1136\/revisions"}],"predecessor-version":[{"id":4267,"href":"https:\/\/jpevlogistics.com\/en\/wp-json\/wp\/v2\/pages\/1136\/revisions\/4267"}],"wp:attachment":[{"href":"https:\/\/jpevlogistics.com\/en\/wp-json\/wp\/v2\/media?parent=1136"}],"curies":[{"name":"wp","href":"https:\/\/api.w.org\/{rel}","templated":true}]}}