{"id":9230,"date":"2025-08-11T14:03:25","date_gmt":"2025-08-11T14:03:25","guid":{"rendered":"https:\/\/jpevlogistics.com\/?page_id=9230"},"modified":"2026-02-27T14:56:23","modified_gmt":"2026-02-27T14:56:23","slug":"iso-9001","status":"publish","type":"page","link":"https:\/\/jpevlogistics.com\/en\/iso-9001\/","title":{"rendered":"Certificado ISO 9001"},"content":{"rendered":"<div data-elementor-type=\"wp-page\" data-elementor-id=\"9230\" class=\"elementor elementor-9230\" data-elementor-post-type=\"page\">\n\t\t\t\t\t\t<section class=\"elementor-section elementor-top-section elementor-element elementor-element-7a271c9 elementor-section-boxed elementor-section-height-default elementor-section-height-default\" data-id=\"7a271c9\" data-element_type=\"section\" data-e-type=\"section\">\n\t\t\t\t\t\t<div class=\"elementor-container elementor-column-gap-default\">\n\t\t\t\t\t<div class=\"elementor-column elementor-col-100 elementor-top-column elementor-element elementor-element-ec31444\" data-id=\"ec31444\" data-element_type=\"column\" data-e-type=\"column\">\n\t\t\t<div class=\"elementor-widget-wrap elementor-element-populated\">\n\t\t\t\t\t\t<div class=\"elementor-element elementor-element-7ca7331 elementor-widget elementor-widget-heading\" data-id=\"7ca7331\" data-element_type=\"widget\" data-e-type=\"widget\" data-widget_type=\"heading.default\">\n\t\t\t\t<div class=\"elementor-widget-container\">\n\t\t\t\t\t<h2 class=\"elementor-heading-title elementor-size-default\">Calidad ISO 9001 Certificada<\/h2>\t\t\t\t<\/div>\n\t\t\t\t<\/div>\n\t\t\t\t<div class=\"elementor-element elementor-element-16b5a75 elementor-widget elementor-widget-text-editor\" data-id=\"16b5a75\" data-element_type=\"widget\" data-e-type=\"widget\" data-widget_type=\"text-editor.default\">\n\t\t\t\t<div class=\"elementor-widget-container\">\n\t\t\t\t\t\t\t\t\t<p>En esta p\u00e1gina pod\u00e9s consultar y descargar el <strong data-start=\"96\" data-end=\"137\">certificado ISO 9001:2015 emitido por IRAM<\/strong>, que avala que JPEV cumple con los est\u00e1ndares internacionales de calidad en sus procesos log\u00edsticos.<\/p>\t\t\t\t\t\t\t\t<\/div>\n\t\t\t\t<\/div>\n\t\t\t\t\t<\/div>\n\t\t<\/div>\n\t\t\t\t\t<\/div>\n\t\t<\/section>\n\t\t\t\t<section class=\"elementor-section elementor-top-section elementor-element elementor-element-8707bd2 elementor-section-boxed elementor-section-height-default elementor-section-height-default\" data-id=\"8707bd2\" data-element_type=\"section\" data-e-type=\"section\">\n\t\t\t\t\t\t<div class=\"elementor-container elementor-column-gap-default\">\n\t\t\t\t\t<div class=\"elementor-column elementor-col-33 elementor-top-column elementor-element elementor-element-317daa5\" data-id=\"317daa5\" data-element_type=\"column\" data-e-type=\"column\">\n\t\t\t<div class=\"elementor-widget-wrap\">\n\t\t\t\t\t\t\t<\/div>\n\t\t<\/div>\n\t\t\t\t<div class=\"elementor-column elementor-col-33 elementor-top-column elementor-element elementor-element-ade0f88\" data-id=\"ade0f88\" data-element_type=\"column\" data-e-type=\"column\">\n\t\t\t<div class=\"elementor-widget-wrap elementor-element-populated\">\n\t\t\t\t\t\t<div class=\"elementor-element elementor-element-8559572 elementor-widget elementor-widget-image\" data-id=\"8559572\" data-element_type=\"widget\" data-e-type=\"widget\" data-widget_type=\"image.default\">\n\t\t\t\t<div class=\"elementor-widget-container\">\n\t\t\t\t\t\t\t\t\t\t\t\t\t\t\t<img fetchpriority=\"high\" decoding=\"async\" width=\"1241\" height=\"1755\" src=\"https:\/\/jpevlogistics.com\/wp-content\/uploads\/2025\/08\/JPEV-WORLDWIDE-9001-iram_page-0001.jpg\" class=\"attachment-full size-full wp-image-9234\" alt=\"\" srcset=\"https:\/\/jpevlogistics.com\/wp-content\/uploads\/2025\/08\/JPEV-WORLDWIDE-9001-iram_page-0001.jpg 1241w, https:\/\/jpevlogistics.com\/wp-content\/uploads\/2025\/08\/JPEV-WORLDWIDE-9001-iram_page-0001-212x300.jpg 212w, https:\/\/jpevlogistics.com\/wp-content\/uploads\/2025\/08\/JPEV-WORLDWIDE-9001-iram_page-0001-724x1024.jpg 724w, https:\/\/jpevlogistics.com\/wp-content\/uploads\/2025\/08\/JPEV-WORLDWIDE-9001-iram_page-0001-768x1086.jpg 768w, https:\/\/jpevlogistics.com\/wp-content\/uploads\/2025\/08\/JPEV-WORLDWIDE-9001-iram_page-0001-1086x1536.jpg 1086w, https:\/\/jpevlogistics.com\/wp-content\/uploads\/2025\/08\/JPEV-WORLDWIDE-9001-iram_page-0001-8x12.jpg 8w\" sizes=\"(max-width: 1241px) 100vw, 1241px\" \/>\t\t\t\t\t\t\t\t\t\t\t\t\t\t\t<\/div>\n\t\t\t\t<\/div>\n\t\t\t\t\t<\/div>\n\t\t<\/div>\n\t\t\t\t<div class=\"elementor-column elementor-col-33 elementor-top-column elementor-element elementor-element-b637ec2\" data-id=\"b637ec2\" data-element_type=\"column\" data-e-type=\"column\">\n\t\t\t<div class=\"elementor-widget-wrap\">\n\t\t\t\t\t\t\t<\/div>\n\t\t<\/div>\n\t\t\t\t\t<\/div>\n\t\t<\/section>\n\t\t\t\t<section class=\"elementor-section elementor-top-section elementor-element elementor-element-8d2794a elementor-section-boxed elementor-section-height-default elementor-section-height-default\" data-id=\"8d2794a\" data-element_type=\"section\" data-e-type=\"section\">\n\t\t\t\t\t\t<div class=\"elementor-container elementor-column-gap-default\">\n\t\t\t\t\t<div class=\"elementor-column elementor-col-33 elementor-top-column elementor-element elementor-element-332af2d\" data-id=\"332af2d\" data-element_type=\"column\" data-e-type=\"column\">\n\t\t\t<div class=\"elementor-widget-wrap\">\n\t\t\t\t\t\t\t<\/div>\n\t\t<\/div>\n\t\t\t\t<div class=\"elementor-column elementor-col-33 elementor-top-column elementor-element elementor-element-caf86ee\" data-id=\"caf86ee\" data-element_type=\"column\" data-e-type=\"column\">\n\t\t\t<div class=\"elementor-widget-wrap elementor-element-populated\">\n\t\t\t\t\t\t<div class=\"elementor-element elementor-element-f537641 elementor-widget elementor-widget-image\" data-id=\"f537641\" data-element_type=\"widget\" data-e-type=\"widget\" data-widget_type=\"image.default\">\n\t\t\t\t<div class=\"elementor-widget-container\">\n\t\t\t\t\t\t\t\t\t\t\t\t\t\t\t<img decoding=\"async\" width=\"1241\" height=\"1755\" src=\"https:\/\/jpevlogistics.com\/wp-content\/uploads\/2025\/08\/JPEV-WORLDWIDE-9001-iqnet_page-0001.jpg\" class=\"attachment-full size-full wp-image-9233\" alt=\"\" srcset=\"https:\/\/jpevlogistics.com\/wp-content\/uploads\/2025\/08\/JPEV-WORLDWIDE-9001-iqnet_page-0001.jpg 1241w, https:\/\/jpevlogistics.com\/wp-content\/uploads\/2025\/08\/JPEV-WORLDWIDE-9001-iqnet_page-0001-212x300.jpg 212w, https:\/\/jpevlogistics.com\/wp-content\/uploads\/2025\/08\/JPEV-WORLDWIDE-9001-iqnet_page-0001-724x1024.jpg 724w, https:\/\/jpevlogistics.com\/wp-content\/uploads\/2025\/08\/JPEV-WORLDWIDE-9001-iqnet_page-0001-768x1086.jpg 768w, https:\/\/jpevlogistics.com\/wp-content\/uploads\/2025\/08\/JPEV-WORLDWIDE-9001-iqnet_page-0001-1086x1536.jpg 1086w, https:\/\/jpevlogistics.com\/wp-content\/uploads\/2025\/08\/JPEV-WORLDWIDE-9001-iqnet_page-0001-8x12.jpg 8w\" sizes=\"(max-width: 1241px) 100vw, 1241px\" \/>\t\t\t\t\t\t\t\t\t\t\t\t\t\t\t<\/div>\n\t\t\t\t<\/div>\n\t\t\t\t\t<\/div>\n\t\t<\/div>\n\t\t\t\t<div class=\"elementor-column elementor-col-33 elementor-top-column elementor-element elementor-element-074c207\" data-id=\"074c207\" data-element_type=\"column\" data-e-type=\"column\">\n\t\t\t<div class=\"elementor-widget-wrap\">\n\t\t\t\t\t\t\t<\/div>\n\t\t<\/div>\n\t\t\t\t\t<\/div>\n\t\t<\/section>\n\t\t\t\t<\/div>","protected":false},"excerpt":{"rendered":"<p>Calidad ISO 9001 Certificada En esta p\u00e1gina pod\u00e9s consultar y descargar el certificado ISO 9001:2015 emitido por IRAM, que avala que JPEV cumple con los est\u00e1ndares internacionales de calidad en sus procesos log\u00edsticos.<\/p>","protected":false},"author":4,"featured_media":0,"parent":0,"menu_order":0,"comment_status":"closed","ping_status":"closed","template":"","meta":{"footnotes":""},"class_list":["post-9230","page","type-page","status-publish","hentry"],"yoast_head":"<!-- This site is optimized with the Yoast SEO plugin v27.4 - https:\/\/yoast.com\/product\/yoast-seo-wordpress\/ -->\n<title>Certificado ISO 9001 - JPEV Logistics<\/title>\n<meta name=\"robots\" content=\"index, follow, max-snippet:-1, max-image-preview:large, max-video-preview:-1\" \/>\n<link rel=\"canonical\" href=\"https:\/\/jpevlogistics.com\/en\/iso-9001\/\" \/>\n<meta property=\"og:locale\" content=\"en_US\" \/>\n<meta property=\"og:type\" content=\"article\" \/>\n<meta property=\"og:title\" content=\"Certificado ISO 9001 - JPEV Logistics\" \/>\n<meta property=\"og:description\" content=\"Calidad ISO 9001 Certificada En esta p\u00e1gina pod\u00e9s consultar y descargar el certificado ISO 9001:2015 emitido por IRAM, que avala que JPEV cumple con los est\u00e1ndares internacionales de calidad en sus procesos log\u00edsticos.\" \/>\n<meta property=\"og:url\" content=\"https:\/\/jpevlogistics.com\/en\/iso-9001\/\" \/>\n<meta property=\"og:site_name\" content=\"JPEV Logistics\" \/>\n<meta property=\"article:modified_time\" content=\"2026-02-27T14:56:23+00:00\" \/>\n<meta property=\"og:image\" content=\"https:\/\/jpevlogistics.com\/wp-content\/uploads\/2025\/08\/JPEV-WORLDWIDE-9001-iram_page-0001.jpg\" \/>\n<meta name=\"twitter:card\" content=\"summary_large_image\" \/>\n<meta name=\"twitter:label1\" content=\"Est. reading time\" \/>\n\t<meta name=\"twitter:data1\" content=\"1 minute\" \/>\n<script type=\"application\/ld+json\" class=\"yoast-schema-graph\">{\"@context\":\"https:\\\/\\\/schema.org\",\"@graph\":[{\"@type\":\"WebPage\",\"@id\":\"https:\\\/\\\/jpevlogistics.com\\\/en\\\/iso-9001\\\/\",\"url\":\"https:\\\/\\\/jpevlogistics.com\\\/en\\\/iso-9001\\\/\",\"name\":\"Certificado ISO 9001 - JPEV Logistics\",\"isPartOf\":{\"@id\":\"https:\\\/\\\/jpevlogistics.com\\\/#website\"},\"primaryImageOfPage\":{\"@id\":\"https:\\\/\\\/jpevlogistics.com\\\/en\\\/iso-9001\\\/#primaryimage\"},\"image\":{\"@id\":\"https:\\\/\\\/jpevlogistics.com\\\/en\\\/iso-9001\\\/#primaryimage\"},\"thumbnailUrl\":\"https:\\\/\\\/jpevlogistics.com\\\/wp-content\\\/uploads\\\/2025\\\/08\\\/JPEV-WORLDWIDE-9001-iram_page-0001.jpg\",\"datePublished\":\"2025-08-11T14:03:25+00:00\",\"dateModified\":\"2026-02-27T14:56:23+00:00\",\"breadcrumb\":{\"@id\":\"https:\\\/\\\/jpevlogistics.com\\\/en\\\/iso-9001\\\/#breadcrumb\"},\"inLanguage\":\"en-US\",\"potentialAction\":[{\"@type\":\"ReadAction\",\"target\":[\"https:\\\/\\\/jpevlogistics.com\\\/en\\\/iso-9001\\\/\"]}]},{\"@type\":\"ImageObject\",\"inLanguage\":\"en-US\",\"@id\":\"https:\\\/\\\/jpevlogistics.com\\\/en\\\/iso-9001\\\/#primaryimage\",\"url\":\"https:\\\/\\\/jpevlogistics.com\\\/wp-content\\\/uploads\\\/2025\\\/08\\\/JPEV-WORLDWIDE-9001-iram_page-0001.jpg\",\"contentUrl\":\"https:\\\/\\\/jpevlogistics.com\\\/wp-content\\\/uploads\\\/2025\\\/08\\\/JPEV-WORLDWIDE-9001-iram_page-0001.jpg\"},{\"@type\":\"BreadcrumbList\",\"@id\":\"https:\\\/\\\/jpevlogistics.com\\\/en\\\/iso-9001\\\/#breadcrumb\",\"itemListElement\":[{\"@type\":\"ListItem\",\"position\":1,\"name\":\"Portada\",\"item\":\"https:\\\/\\\/jpevlogistics.com\\\/\"},{\"@type\":\"ListItem\",\"position\":2,\"name\":\"Certificado ISO 9001\"}]},{\"@type\":\"WebSite\",\"@id\":\"https:\\\/\\\/jpevlogistics.com\\\/#website\",\"url\":\"https:\\\/\\\/jpevlogistics.com\\\/\",\"name\":\"JPEV Logistics\",\"description\":\"\",\"publisher\":{\"@id\":\"https:\\\/\\\/jpevlogistics.com\\\/#organization\"},\"potentialAction\":[{\"@type\":\"SearchAction\",\"target\":{\"@type\":\"EntryPoint\",\"urlTemplate\":\"https:\\\/\\\/jpevlogistics.com\\\/?s={search_term_string}\"},\"query-input\":{\"@type\":\"PropertyValueSpecification\",\"valueRequired\":true,\"valueName\":\"search_term_string\"}}],\"inLanguage\":\"en-US\"},{\"@type\":\"Organization\",\"@id\":\"https:\\\/\\\/jpevlogistics.com\\\/#organization\",\"name\":\"JPEV Logistics\",\"url\":\"https:\\\/\\\/jpevlogistics.com\\\/\",\"logo\":{\"@type\":\"ImageObject\",\"inLanguage\":\"en-US\",\"@id\":\"https:\\\/\\\/jpevlogistics.com\\\/#\\\/schema\\\/logo\\\/image\\\/\",\"url\":\"https:\\\/\\\/jpevlogistics.com\\\/wp-content\\\/uploads\\\/2020\\\/07\\\/logo.png\",\"contentUrl\":\"https:\\\/\\\/jpevlogistics.com\\\/wp-content\\\/uploads\\\/2020\\\/07\\\/logo.png\",\"width\":214,\"height\":81,\"caption\":\"JPEV Logistics\"},\"image\":{\"@id\":\"https:\\\/\\\/jpevlogistics.com\\\/#\\\/schema\\\/logo\\\/image\\\/\"},\"sameAs\":[\"https:\\\/\\\/www.instagram.com\\\/jpevlogistics\\\/\",\"https:\\\/\\\/www.linkedin.com\\\/company\\\/jpev-logistics\\\/\"]}]}<\/script>\n<!-- \/ Yoast SEO plugin. -->","yoast_head_json":{"title":"Certificado ISO 9001 - JPEV Logistics","robots":{"index":"index","follow":"follow","max-snippet":"max-snippet:-1","max-image-preview":"max-image-preview:large","max-video-preview":"max-video-preview:-1"},"canonical":"https:\/\/jpevlogistics.com\/en\/iso-9001\/","og_locale":"en_US","og_type":"article","og_title":"Certificado ISO 9001 - JPEV Logistics","og_description":"Calidad ISO 9001 Certificada En esta p\u00e1gina pod\u00e9s consultar y descargar el certificado ISO 9001:2015 emitido por IRAM, que avala que JPEV cumple con los est\u00e1ndares internacionales de calidad en sus procesos log\u00edsticos.","og_url":"https:\/\/jpevlogistics.com\/en\/iso-9001\/","og_site_name":"JPEV Logistics","article_modified_time":"2026-02-27T14:56:23+00:00","og_image":[{"url":"https:\/\/jpevlogistics.com\/wp-content\/uploads\/2025\/08\/JPEV-WORLDWIDE-9001-iram_page-0001.jpg","type":"","width":"","height":""}],"twitter_card":"summary_large_image","twitter_misc":{"Est. reading time":"1 minute"},"schema":{"@context":"https:\/\/schema.org","@graph":[{"@type":"WebPage","@id":"https:\/\/jpevlogistics.com\/en\/iso-9001\/","url":"https:\/\/jpevlogistics.com\/en\/iso-9001\/","name":"Certificado ISO 9001 - JPEV Logistics","isPartOf":{"@id":"https:\/\/jpevlogistics.com\/#website"},"primaryImageOfPage":{"@id":"https:\/\/jpevlogistics.com\/en\/iso-9001\/#primaryimage"},"image":{"@id":"https:\/\/jpevlogistics.com\/en\/iso-9001\/#primaryimage"},"thumbnailUrl":"https:\/\/jpevlogistics.com\/wp-content\/uploads\/2025\/08\/JPEV-WORLDWIDE-9001-iram_page-0001.jpg","datePublished":"2025-08-11T14:03:25+00:00","dateModified":"2026-02-27T14:56:23+00:00","breadcrumb":{"@id":"https:\/\/jpevlogistics.com\/en\/iso-9001\/#breadcrumb"},"inLanguage":"en-US","potentialAction":[{"@type":"ReadAction","target":["https:\/\/jpevlogistics.com\/en\/iso-9001\/"]}]},{"@type":"ImageObject","inLanguage":"en-US","@id":"https:\/\/jpevlogistics.com\/en\/iso-9001\/#primaryimage","url":"https:\/\/jpevlogistics.com\/wp-content\/uploads\/2025\/08\/JPEV-WORLDWIDE-9001-iram_page-0001.jpg","contentUrl":"https:\/\/jpevlogistics.com\/wp-content\/uploads\/2025\/08\/JPEV-WORLDWIDE-9001-iram_page-0001.jpg"},{"@type":"BreadcrumbList","@id":"https:\/\/jpevlogistics.com\/en\/iso-9001\/#breadcrumb","itemListElement":[{"@type":"ListItem","position":1,"name":"Portada","item":"https:\/\/jpevlogistics.com\/"},{"@type":"ListItem","position":2,"name":"Certificado ISO 9001"}]},{"@type":"WebSite","@id":"https:\/\/jpevlogistics.com\/#website","url":"https:\/\/jpevlogistics.com\/","name":"JPEV Logistics","description":"","publisher":{"@id":"https:\/\/jpevlogistics.com\/#organization"},"potentialAction":[{"@type":"SearchAction","target":{"@type":"EntryPoint","urlTemplate":"https:\/\/jpevlogistics.com\/?s={search_term_string}"},"query-input":{"@type":"PropertyValueSpecification","valueRequired":true,"valueName":"search_term_string"}}],"inLanguage":"en-US"},{"@type":"Organization","@id":"https:\/\/jpevlogistics.com\/#organization","name":"JPEV Logistics","url":"https:\/\/jpevlogistics.com\/","logo":{"@type":"ImageObject","inLanguage":"en-US","@id":"https:\/\/jpevlogistics.com\/#\/schema\/logo\/image\/","url":"https:\/\/jpevlogistics.com\/wp-content\/uploads\/2020\/07\/logo.png","contentUrl":"https:\/\/jpevlogistics.com\/wp-content\/uploads\/2020\/07\/logo.png","width":214,"height":81,"caption":"JPEV Logistics"},"image":{"@id":"https:\/\/jpevlogistics.com\/#\/schema\/logo\/image\/"},"sameAs":["https:\/\/www.instagram.com\/jpevlogistics\/","https:\/\/www.linkedin.com\/company\/jpev-logistics\/"]}]}},"_links":{"self":[{"href":"https:\/\/jpevlogistics.com\/en\/wp-json\/wp\/v2\/pages\/9230","targetHints":{"allow":["GET"]}}],"collection":[{"href":"https:\/\/jpevlogistics.com\/en\/wp-json\/wp\/v2\/pages"}],"about":[{"href":"https:\/\/jpevlogistics.com\/en\/wp-json\/wp\/v2\/types\/page"}],"author":[{"embeddable":true,"href":"https:\/\/jpevlogistics.com\/en\/wp-json\/wp\/v2\/users\/4"}],"replies":[{"embeddable":true,"href":"https:\/\/jpevlogistics.com\/en\/wp-json\/wp\/v2\/comments?post=9230"}],"version-history":[{"count":5,"href":"https:\/\/jpevlogistics.com\/en\/wp-json\/wp\/v2\/pages\/9230\/revisions"}],"predecessor-version":[{"id":9239,"href":"https:\/\/jpevlogistics.com\/en\/wp-json\/wp\/v2\/pages\/9230\/revisions\/9239"}],"wp:attachment":[{"href":"https:\/\/jpevlogistics.com\/en\/wp-json\/wp\/v2\/media?parent=9230"}],"curies":[{"name":"wp","href":"https:\/\/api.w.org\/{rel}","templated":true}]}}